{"id":1468,"date":"2024-12-04T22:27:59","date_gmt":"2024-12-04T22:27:59","guid":{"rendered":"https:\/\/www.euromapconsultancy.com\/?page_id=1468"},"modified":"2025-06-23T14:27:30","modified_gmt":"2025-06-23T14:27:30","slug":"projects-activities","status":"publish","type":"page","link":"https:\/\/muoversiassieme.ngo\/pt\/projects-activities\/","title":{"rendered":"Projectos e actividades"},"content":{"rendered":"\t\t<div data-elementor-type=\"wp-page\" data-elementor-id=\"1468\" class=\"elementor elementor-1468\" data-elementor-post-type=\"page\">\n\t\t\t\t<div class=\"elementor-element elementor-element-db29cf3 e-flex e-con-boxed e-con e-parent\" data-id=\"db29cf3\" data-element_type=\"container\" data-e-type=\"container\" data-settings=\"{&quot;background_background&quot;:&quot;classic&quot;}\">\n\t\t\t\t\t<div class=\"e-con-inner\">\n\t\t<div class=\"elementor-element elementor-element-5820d67 e-con-full e-flex e-con e-child\" data-id=\"5820d67\" data-element_type=\"container\" data-e-type=\"container\" data-settings=\"{&quot;background_background&quot;:&quot;gradient&quot;,&quot;animation&quot;:&quot;none&quot;,&quot;background_motion_fx_devices&quot;:[&quot;desktop&quot;,&quot;tablet&quot;,&quot;mobile&quot;]}\">\n\t\t\t\t<div class=\"elementor-element elementor-element-45a0392 animated-slow elementor-invisible elementor-widget elementor-widget-heading\" data-id=\"45a0392\" data-element_type=\"widget\" data-e-type=\"widget\" data-settings=\"{&quot;_animation&quot;:&quot;zoomIn&quot;}\" data-widget_type=\"heading.default\">\n\t\t\t\t<div class=\"elementor-widget-container\">\n\t\t\t\t\t<h2 class=\"elementor-heading-title elementor-size-default\">KEY FOCUS AREAS<\/h2>\t\t\t\t<\/div>\n\t\t\t\t<\/div>\n\t\t\t\t<\/div>\n\t\t<div class=\"elementor-element elementor-element-3a20ebc e-con-full e-flex e-con e-child\" data-id=\"3a20ebc\" data-element_type=\"container\" data-e-type=\"container\">\n\t\t<div class=\"elementor-element elementor-element-85fe0be e-con-full e-flex e-con e-child\" data-id=\"85fe0be\" data-element_type=\"container\" data-e-type=\"container\">\n\t\t\t\t<div class=\"elementor-element elementor-element-1eb3eb4 elementor-widget elementor-widget-image\" data-id=\"1eb3eb4\" data-element_type=\"widget\" data-e-type=\"widget\" data-widget_type=\"image.default\">\n\t\t\t\t<div class=\"elementor-widget-container\">\n\t\t\t\t\t\t\t\t\t\t\t\t\t\t\t<img fetchpriority=\"high\" decoding=\"async\" width=\"1017\" height=\"1024\" src=\"https:\/\/muoversiassieme.ngo\/wp-content\/uploads\/2025\/05\/Sustainable-Tourism-Sport-1017x1024.png\" class=\"attachment-large size-large wp-image-2048\" alt=\"\" srcset=\"https:\/\/muoversiassieme.ngo\/wp-content\/uploads\/2025\/05\/Sustainable-Tourism-Sport-1017x1024.png 1017w, https:\/\/muoversiassieme.ngo\/wp-content\/uploads\/2025\/05\/Sustainable-Tourism-Sport-298x300.png 298w, https:\/\/muoversiassieme.ngo\/wp-content\/uploads\/2025\/05\/Sustainable-Tourism-Sport-150x150.png 150w, https:\/\/muoversiassieme.ngo\/wp-content\/uploads\/2025\/05\/Sustainable-Tourism-Sport-768x773.png 768w, https:\/\/muoversiassieme.ngo\/wp-content\/uploads\/2025\/05\/Sustainable-Tourism-Sport-1525x1536.png 1525w, https:\/\/muoversiassieme.ngo\/wp-content\/uploads\/2025\/05\/Sustainable-Tourism-Sport-12x12.png 12w, https:\/\/muoversiassieme.ngo\/wp-content\/uploads\/2025\/05\/Sustainable-Tourism-Sport.png 1577w\" sizes=\"(max-width: 1017px) 100vw, 1017px\" \/>\t\t\t\t\t\t\t\t\t\t\t\t\t\t\t<\/div>\n\t\t\t\t<\/div>\n\t\t\t\t<div class=\"elementor-element elementor-element-7d2337c elementor-widget elementor-widget-text-editor\" data-id=\"7d2337c\" data-element_type=\"widget\" data-e-type=\"widget\" data-widget_type=\"text-editor.default\">\n\t\t\t\t<div class=\"elementor-widget-container\">\n\t\t\t\t\t\t\t\t\t<p><strong>Sustainable Travel &amp; Tourism<\/strong><\/p>\t\t\t\t\t\t\t\t<\/div>\n\t\t\t\t<\/div>\n\t\t\t\t<div class=\"elementor-element elementor-element-847a6a5 elementor-widget elementor-widget-text-editor\" data-id=\"847a6a5\" data-element_type=\"widget\" data-e-type=\"widget\" data-widget_type=\"text-editor.default\">\n\t\t\t\t<div class=\"elementor-widget-container\">\n\t\t\t\t\t\t\t\t\t<p data-pm-slice=\"1 1 [&quot;list&quot;,{&quot;spread&quot;:false,&quot;start&quot;:1443,&quot;end&quot;:1786},&quot;regular_list_item&quot;,{&quot;start&quot;:1443,&quot;end&quot;:1529}]\">Promoting sustainable travel, responsible tourism and environmental protection.<\/p>\t\t\t\t\t\t\t\t<\/div>\n\t\t\t\t<\/div>\n\t\t\t\t<\/div>\n\t\t<div class=\"elementor-element elementor-element-a4af538 e-con-full e-flex e-con e-child\" data-id=\"a4af538\" data-element_type=\"container\" data-e-type=\"container\">\n\t\t\t\t<div class=\"elementor-element elementor-element-75a4595 elementor-widget elementor-widget-image\" data-id=\"75a4595\" data-element_type=\"widget\" data-e-type=\"widget\" data-widget_type=\"image.default\">\n\t\t\t\t<div class=\"elementor-widget-container\">\n\t\t\t\t\t\t\t\t\t\t\t\t\t\t\t<img decoding=\"async\" width=\"745\" height=\"1024\" src=\"https:\/\/muoversiassieme.ngo\/wp-content\/uploads\/2025\/05\/Cultural-heritage-745x1024.png\" class=\"attachment-large size-large wp-image-2045\" alt=\"\" srcset=\"https:\/\/muoversiassieme.ngo\/wp-content\/uploads\/2025\/05\/Cultural-heritage-745x1024.png 745w, https:\/\/muoversiassieme.ngo\/wp-content\/uploads\/2025\/05\/Cultural-heritage-218x300.png 218w, https:\/\/muoversiassieme.ngo\/wp-content\/uploads\/2025\/05\/Cultural-heritage-768x1056.png 768w, https:\/\/muoversiassieme.ngo\/wp-content\/uploads\/2025\/05\/Cultural-heritage-1118x1536.png 1118w, https:\/\/muoversiassieme.ngo\/wp-content\/uploads\/2025\/05\/Cultural-heritage-9x12.png 9w, https:\/\/muoversiassieme.ngo\/wp-content\/uploads\/2025\/05\/Cultural-heritage.png 1154w\" sizes=\"(max-width: 745px) 100vw, 745px\" \/>\t\t\t\t\t\t\t\t\t\t\t\t\t\t\t<\/div>\n\t\t\t\t<\/div>\n\t\t\t\t<div class=\"elementor-element elementor-element-87ebbe5 elementor-widget elementor-widget-text-editor\" data-id=\"87ebbe5\" data-element_type=\"widget\" data-e-type=\"widget\" data-widget_type=\"text-editor.default\">\n\t\t\t\t<div class=\"elementor-widget-container\">\n\t\t\t\t\t\t\t\t\t<p><strong>Cultural &amp; Social <\/strong><br \/><strong>Development<\/strong><\/p>\t\t\t\t\t\t\t\t<\/div>\n\t\t\t\t<\/div>\n\t\t\t\t<div class=\"elementor-element elementor-element-4212155 elementor-widget elementor-widget-text-editor\" data-id=\"4212155\" data-element_type=\"widget\" data-e-type=\"widget\" data-widget_type=\"text-editor.default\">\n\t\t\t\t<div class=\"elementor-widget-container\">\n\t\t\t\t\t\t\t\t\t<p data-pm-slice=\"1 1 [&quot;list&quot;,{&quot;spread&quot;:false,&quot;start&quot;:1443,&quot;end&quot;:1786},&quot;regular_list_item&quot;,{&quot;start&quot;:1530,&quot;end&quot;:1621}]\">Supporting local traditions, businesses, and heritage.<\/p>\t\t\t\t\t\t\t\t<\/div>\n\t\t\t\t<\/div>\n\t\t\t\t<\/div>\n\t\t<div class=\"elementor-element elementor-element-d2361eb e-con-full e-flex e-con e-child\" data-id=\"d2361eb\" data-element_type=\"container\" data-e-type=\"container\">\n\t\t\t\t<div class=\"elementor-element elementor-element-05b6fae elementor-widget elementor-widget-image\" data-id=\"05b6fae\" data-element_type=\"widget\" data-e-type=\"widget\" data-widget_type=\"image.default\">\n\t\t\t\t<div class=\"elementor-widget-container\">\n\t\t\t\t\t\t\t\t\t\t\t\t\t\t\t<img decoding=\"async\" width=\"1024\" height=\"858\" src=\"https:\/\/muoversiassieme.ngo\/wp-content\/uploads\/2025\/05\/Social-Development-Inclusion-1024x858.png\" class=\"attachment-large size-large wp-image-2047\" alt=\"\" srcset=\"https:\/\/muoversiassieme.ngo\/wp-content\/uploads\/2025\/05\/Social-Development-Inclusion-1024x858.png 1024w, https:\/\/muoversiassieme.ngo\/wp-content\/uploads\/2025\/05\/Social-Development-Inclusion-300x251.png 300w, https:\/\/muoversiassieme.ngo\/wp-content\/uploads\/2025\/05\/Social-Development-Inclusion-768x644.png 768w, https:\/\/muoversiassieme.ngo\/wp-content\/uploads\/2025\/05\/Social-Development-Inclusion-1536x1287.png 1536w, https:\/\/muoversiassieme.ngo\/wp-content\/uploads\/2025\/05\/Social-Development-Inclusion-14x12.png 14w, https:\/\/muoversiassieme.ngo\/wp-content\/uploads\/2025\/05\/Social-Development-Inclusion.png 1828w\" sizes=\"(max-width: 1024px) 100vw, 1024px\" \/>\t\t\t\t\t\t\t\t\t\t\t\t\t\t\t<\/div>\n\t\t\t\t<\/div>\n\t\t\t\t<div class=\"elementor-element elementor-element-eace465 elementor-widget elementor-widget-text-editor\" data-id=\"eace465\" data-element_type=\"widget\" data-e-type=\"widget\" data-widget_type=\"text-editor.default\">\n\t\t\t\t<div class=\"elementor-widget-container\">\n\t\t\t\t\t\t\t\t\t<p><strong>Human Rights &amp; <\/strong><br \/><strong>Inclusion<\/strong><\/p>\t\t\t\t\t\t\t\t<\/div>\n\t\t\t\t<\/div>\n\t\t\t\t<div class=\"elementor-element elementor-element-fb56ebb elementor-widget elementor-widget-text-editor\" data-id=\"fb56ebb\" data-element_type=\"widget\" data-e-type=\"widget\" data-widget_type=\"text-editor.default\">\n\t\t\t\t<div class=\"elementor-widget-container\">\n\t\t\t\t\t\t\t\t\t<p data-pm-slice=\"1 1 [&quot;list&quot;,{&quot;spread&quot;:false,&quot;start&quot;:1443,&quot;end&quot;:1786},&quot;regular_list_item&quot;,{&quot;start&quot;:1622,&quot;end&quot;:1706}]\">Advocating against racial and gender discrimination.<\/p>\t\t\t\t\t\t\t\t<\/div>\n\t\t\t\t<\/div>\n\t\t\t\t<\/div>\n\t\t<div class=\"elementor-element elementor-element-b606289 e-con-full e-flex e-con e-child\" data-id=\"b606289\" data-element_type=\"container\" data-e-type=\"container\">\n\t\t\t\t<div class=\"elementor-element elementor-element-b7aa4a1 elementor-widget elementor-widget-image\" data-id=\"b7aa4a1\" data-element_type=\"widget\" data-e-type=\"widget\" data-widget_type=\"image.default\">\n\t\t\t\t<div class=\"elementor-widget-container\">\n\t\t\t\t\t\t\t\t\t\t\t\t\t\t\t<img loading=\"lazy\" decoding=\"async\" width=\"1024\" height=\"762\" src=\"https:\/\/muoversiassieme.ngo\/wp-content\/uploads\/2025\/05\/reading-1024x762.png\" class=\"attachment-large size-large wp-image-2065\" alt=\"\" srcset=\"https:\/\/muoversiassieme.ngo\/wp-content\/uploads\/2025\/05\/reading-1024x762.png 1024w, https:\/\/muoversiassieme.ngo\/wp-content\/uploads\/2025\/05\/reading-300x223.png 300w, https:\/\/muoversiassieme.ngo\/wp-content\/uploads\/2025\/05\/reading-768x572.png 768w, https:\/\/muoversiassieme.ngo\/wp-content\/uploads\/2025\/05\/reading-1536x1144.png 1536w, https:\/\/muoversiassieme.ngo\/wp-content\/uploads\/2025\/05\/reading-16x12.png 16w, https:\/\/muoversiassieme.ngo\/wp-content\/uploads\/2025\/05\/reading.png 1597w\" sizes=\"(max-width: 1024px) 100vw, 1024px\" \/>\t\t\t\t\t\t\t\t\t\t\t\t\t\t\t<\/div>\n\t\t\t\t<\/div>\n\t\t\t\t<div class=\"elementor-element elementor-element-46584cd elementor-widget elementor-widget-text-editor\" data-id=\"46584cd\" data-element_type=\"widget\" data-e-type=\"widget\" data-widget_type=\"text-editor.default\">\n\t\t\t\t<div class=\"elementor-widget-container\">\n\t\t\t\t\t\t\t\t\t<p><strong>Education &amp; <\/strong><br \/><strong>Awareness<\/strong><\/p>\t\t\t\t\t\t\t\t<\/div>\n\t\t\t\t<\/div>\n\t\t\t\t<div class=\"elementor-element elementor-element-93e2166 elementor-widget elementor-widget-text-editor\" data-id=\"93e2166\" data-element_type=\"widget\" data-e-type=\"widget\" data-widget_type=\"text-editor.default\">\n\t\t\t\t<div class=\"elementor-widget-container\">\n\t\t\t\t\t\t\t\t\t<p data-pm-slice=\"1 1 [&quot;list&quot;,{&quot;spread&quot;:false,&quot;start&quot;:1443,&quot;end&quot;:1786},&quot;regular_list_item&quot;,{&quot;start&quot;:1707,&quot;end&quot;:1786}]\">Organizing seminars, workshops, and public events.<\/p>\t\t\t\t\t\t\t\t<\/div>\n\t\t\t\t<\/div>\n\t\t\t\t<\/div>\n\t\t\t\t<\/div>\n\t\t<div class=\"elementor-element elementor-element-b217f27 e-con-full e-flex e-con e-child\" data-id=\"b217f27\" data-element_type=\"container\" data-e-type=\"container\">\n\t\t\t\t<div class=\"elementor-element elementor-element-adeed07 animated-slow elementor-invisible elementor-widget elementor-widget-heading\" data-id=\"adeed07\" data-element_type=\"widget\" data-e-type=\"widget\" data-settings=\"{&quot;_animation&quot;:&quot;zoomIn&quot;}\" data-widget_type=\"heading.default\">\n\t\t\t\t<div class=\"elementor-widget-container\">\n\t\t\t\t\t<h2 class=\"elementor-heading-title elementor-size-default\">PROJECTS &amp; ACTIVITIES<\/h2>\t\t\t\t<\/div>\n\t\t\t\t<\/div>\n\t\t<div class=\"elementor-element elementor-element-132f184 e-con-full e-flex e-con e-child\" data-id=\"132f184\" data-element_type=\"container\" data-e-type=\"container\">\n\t\t<a class=\"elementor-element elementor-element-8c71fe0 e-con-full e-flex e-con e-child\" data-id=\"8c71fe0\" data-element_type=\"container\" data-e-type=\"container\" data-settings=\"{&quot;background_background&quot;:&quot;classic&quot;}\" href=\"https:\/\/muoversiassieme.ngo\/euro-opp\/\">\n\t\t\t\t<div class=\"elementor-element elementor-element-e8fa54e elementor-widget elementor-widget-image\" data-id=\"e8fa54e\" data-element_type=\"widget\" data-e-type=\"widget\" data-widget_type=\"image.default\">\n\t\t\t\t<div class=\"elementor-widget-container\">\n\t\t\t\t\t\t\t\t\t\t\t\t\t\t\t<img loading=\"lazy\" decoding=\"async\" width=\"956\" height=\"956\" src=\"https:\/\/muoversiassieme.ngo\/wp-content\/uploads\/2025\/05\/EURO-OPP_logo_white_background.png\" class=\"attachment-large size-large wp-image-2200\" alt=\"\" srcset=\"https:\/\/muoversiassieme.ngo\/wp-content\/uploads\/2025\/05\/EURO-OPP_logo_white_background.png 956w, https:\/\/muoversiassieme.ngo\/wp-content\/uploads\/2025\/05\/EURO-OPP_logo_white_background-300x300.png 300w, https:\/\/muoversiassieme.ngo\/wp-content\/uploads\/2025\/05\/EURO-OPP_logo_white_background-150x150.png 150w, https:\/\/muoversiassieme.ngo\/wp-content\/uploads\/2025\/05\/EURO-OPP_logo_white_background-768x768.png 768w, https:\/\/muoversiassieme.ngo\/wp-content\/uploads\/2025\/05\/EURO-OPP_logo_white_background-12x12.png 12w\" sizes=\"(max-width: 956px) 100vw, 956px\" \/>\t\t\t\t\t\t\t\t\t\t\t\t\t\t\t<\/div>\n\t\t\t\t<\/div>\n\t\t\t\t<div class=\"elementor-element elementor-element-523f4a6 elementor-widget elementor-widget-text-editor\" data-id=\"523f4a6\" data-element_type=\"widget\" data-e-type=\"widget\" data-widget_type=\"text-editor.default\">\n\t\t\t\t<div class=\"elementor-widget-container\">\n\t\t\t\t\t\t\t\t\t<p>EURO-OPP<\/p>\t\t\t\t\t\t\t\t<\/div>\n\t\t\t\t<\/div>\n\t\t\t\t<div class=\"elementor-element elementor-element-cb74ea3 elementor-widget-divider--view-line elementor-widget elementor-widget-divider\" data-id=\"cb74ea3\" data-element_type=\"widget\" data-e-type=\"widget\" data-widget_type=\"divider.default\">\n\t\t\t\t<div class=\"elementor-widget-container\">\n\t\t\t\t\t\t\t<div class=\"elementor-divider\">\n\t\t\t<span class=\"elementor-divider-separator\">\n\t\t\t\t\t\t<\/span>\n\t\t<\/div>\n\t\t\t\t\t\t<\/div>\n\t\t\t\t<\/div>\n\t\t\t\t<div class=\"elementor-element elementor-element-21d9392 elementor-widget elementor-widget-text-editor\" data-id=\"21d9392\" data-element_type=\"widget\" data-e-type=\"widget\" data-widget_type=\"text-editor.default\">\n\t\t\t\t<div class=\"elementor-widget-container\">\n\t\t\t\t\t\t\t\t\t<p>Opportunities for a <br \/>More Inclusive Europe<\/p>\t\t\t\t\t\t\t\t<\/div>\n\t\t\t\t<\/div>\n\t\t\t\t<\/a>\n\t\t<div class=\"elementor-element elementor-element-beff7c2 e-con-full e-flex e-con e-child\" data-id=\"beff7c2\" data-element_type=\"container\" data-e-type=\"container\">\n\t\t\t\t<\/div>\n\t\t<div class=\"elementor-element elementor-element-96014c6 e-con-full e-flex e-con e-child\" data-id=\"96014c6\" data-element_type=\"container\" data-e-type=\"container\">\n\t\t\t\t<\/div>\n\t\t<div class=\"elementor-element elementor-element-dec6ba2 e-con-full e-flex e-con e-child\" data-id=\"dec6ba2\" data-element_type=\"container\" data-e-type=\"container\">\n\t\t\t\t<\/div>\n\t\t\t\t<\/div>\n\t\t\t\t<\/div>\n\t\t\t\t\t<\/div>\n\t\t\t\t<\/div>\n\t\t\t\t<\/div>\n\t\t","protected":false},"excerpt":{"rendered":"<p>\u00c1REAS-CHAVE Viagens e turismo sustent\u00e1veis Promo\u00e7\u00e3o de viagens sustent\u00e1veis, turismo respons\u00e1vel e prote\u00e7\u00e3o do ambiente. Desenvolvimento cultural e social Apoiar as tradi\u00e7\u00f5es, as empresas e o patrim\u00f3nio locais. Direitos Humanos e Inclus\u00e3o Defender a luta contra a discrimina\u00e7\u00e3o racial e de g\u00e9nero. Educa\u00e7\u00e3o e sensibiliza\u00e7\u00e3o Organiza\u00e7\u00e3o de semin\u00e1rios, workshops e eventos p\u00fablicos. PROJECTOS E ACTIVIDADES EURO-OPP Oportunidades para uma Europa mais inclusiva<\/p>","protected":false},"author":1,"featured_media":0,"parent":0,"menu_order":0,"comment_status":"closed","ping_status":"closed","template":"","meta":{"footnotes":""},"class_list":["post-1468","page","type-page","status-publish","hentry"],"blocksy_meta":{"page_title_panel":"","has_hero_section":"disabled","439e24da4eff50a72cd42bf2d3306a29":"","hero_section":"type-1","hero_elements":[{"id":"custom_title","enabled":true,"heading_tag":"h1","title":"In\u00edcio"},{"id":"custom_description","enabled":true,"description_visibility":{"desktop":true,"tablet":true,"mobile":false}},{"id":"custom_meta","enabled":false,"meta_elements":[{"id":"author","enabled":true,"label":"By","has_author_avatar":"yes","avatar_size":25},{"id":"post_date","enabled":true,"label":"On","date_format_source":"default","date_format":"M j, Y"},{"id":"updated_date","enabled":false,"label":"On","date_format_source":"default","date_format":"M j, Y"},{"id":"categories","enabled":false,"label":"In","style":"simple"},{"id":"comments","enabled":true}],"page_meta_elements":{"joined":true,"articles_count":true,"comments":true}},{"id":"breadcrumbs","enabled":false}],"9fac0f0da6d7817e2623cc7cc81faeb9":"","hero_alignment1":"CT_CSS_SKIP_RULE","hero_margin":40,"hero_alignment2":"center","hero_vertical_alignment":"center","a6dfeafdfac0ca8323d070b7557f5096":"","hero_structure":"narrow","39f25695021540786bd9110bc218f6d6":"","page_title_bg_type":"featured_image","custom_hero_background":{"attachment_id":null},"page_title_image_size":"full","parallax":{"desktop":false,"tablet":false,"mobile":false},"79be491aa9d395cfc13d43fd027ea0f7":"","hero_height":"250px","pageTitleFont":{"family":"Default","variation":"Default","size":"30px","line-height":"CT_CSS_SKIP_RULE","letter-spacing":"CT_CSS_SKIP_RULE","text-transform":"CT_CSS_SKIP_RULE","text-decoration":"CT_CSS_SKIP_RULE"},"pageTitleFontColor":{"default":{"color":"CT_CSS_SKIP_RULEDEFAULT"}},"pageMetaFont":{"family":"Default","variation":"n6","size":"12px","line-height":"1.3","letter-spacing":"CT_CSS_SKIP_RULE","text-transform":"uppercase","text-decoration":"CT_CSS_SKIP_RULE"},"pageMetaFontColor":{"default":{"color":"CT_CSS_SKIP_RULEDEFAULT"},"hover":{"color":"CT_CSS_SKIP_RULEDEFAULT"}},"page_meta_button_type_font_colors":{"default":{"color":"CT_CSS_SKIP_RULEDEFAULT"},"hover":{"color":"CT_CSS_SKIP_RULEDEFAULT"}},"page_meta_button_type_background_colors":{"default":{"color":"CT_CSS_SKIP_RULEDEFAULT"},"hover":{"color":"CT_CSS_SKIP_RULEDEFAULT"}},"pageExcerptFont":{"family":"Default","variation":"Default","size":"CT_CSS_SKIP_RULE","line-height":"CT_CSS_SKIP_RULE","letter-spacing":"CT_CSS_SKIP_RULE","text-transform":"CT_CSS_SKIP_RULE","text-decoration":"CT_CSS_SKIP_RULE"},"pageExcerptColor":{"default":{"color":"CT_CSS_SKIP_RULEDEFAULT"}},"breadcrumbsFont":{"family":"Default","variation":"Default","size":"CT_CSS_SKIP_RULE","line-height":"CT_CSS_SKIP_RULE","letter-spacing":"CT_CSS_SKIP_RULE","text-transform":"CT_CSS_SKIP_RULE","text-decoration":"CT_CSS_SKIP_RULE"},"breadcrumbsFontColor":{"default":{"color":"CT_CSS_SKIP_RULEDEFAULT"},"initial":{"color":"CT_CSS_SKIP_RULEDEFAULT"},"hover":{"color":"CT_CSS_SKIP_RULEDEFAULT"}},"pageTitleOverlay":{"background_type":"color","background_pattern":"type-1","background_image":{"attachment_id":null,"x":0,"y":0},"gradient":"linear-gradient(135deg,rgba(6,147,227,1) 0%,rgb(155,81,224) 100%)","background_repeat":"repeat","background_size":"auto","background_attachment":"scroll","patternColor":{"default":{"color":"#e5e7ea"}},"overlayColor":{"default":{"color":"CT_CSS_SKIP_RULE"}},"backgroundColor":{"default":{"color":"CT_CSS_SKIP_RULE"}}},"pageTitleBackground":{"background_type":"color","background_pattern":"type-1","background_image":{"attachment_id":null,"x":0,"y":0},"gradient":"linear-gradient(135deg,rgba(6,147,227,1) 0%,rgb(155,81,224) 100%)","background_repeat":"repeat","background_size":"auto","background_attachment":"scroll","patternColor":{"default":{"color":"#e5e7ea"}},"overlayColor":{"default":{"color":"CT_CSS_SKIP_RULE"}},"backgroundColor":{"default":{"color":"var(--theme-palette-color-6)"}}},"pageTitlePadding":{"top":"50px","bottom":"50px","left":"auto","right":"auto","linked":true},"ee9d86c7d05e9db25e4f3f509cf40d85":"","page_structure_type":"default","d3b5540d0f79607fb9d99876e77849e0":"","content_style_source":"inherit","content_style":"wide","vertical_spacing_source":"custom","content_area_spacing":"none","background":{"background_type":"color","background_pattern":"type-1","background_image":{"attachment_id":null,"x":0,"y":0},"gradient":"linear-gradient(135deg,rgba(6,147,227,1) 0%,rgb(155,81,224) 100%)","background_repeat":"repeat","background_size":"auto","background_attachment":"scroll","patternColor":{"default":{"color":"#e5e7ea"}},"overlayColor":{"default":{"color":"CT_CSS_SKIP_RULE"}},"backgroundColor":{"default":{"color":"CT_CSS_SKIP_RULE"}}},"content_background":{"background_type":"color","background_pattern":"type-1","background_image":{"attachment_id":null,"x":0,"y":0},"gradient":"linear-gradient(135deg,rgba(6,147,227,1) 0%,rgb(155,81,224) 100%)","background_repeat":"repeat","background_size":"auto","background_attachment":"scroll","patternColor":{"default":{"color":"#e5e7ea"}},"overlayColor":{"default":{"color":"CT_CSS_SKIP_RULE"}},"backgroundColor":{"default":{"color":"var(--theme-palette-color-8)"}}},"content_boxed_shadow":{"inherit":false,"blur":18,"spread":-6,"v_offset":12,"h_offset":0,"inset":false,"enable":true,"color":{"color":"rgba(34, 56, 101, 0.04)"}},"content_boxed_border":{"width":1,"style":"none","color":{"color":"rgba(44,62,80,0.2)"}},"content_boxed_radius":{"top":"3px","bottom":"3px","left":"3px","right":"3px","linked":true},"boxed_content_spacing":{"desktop":{"top":"40px","bottom":"40px","left":"40px","right":"40px","linked":true},"tablet":{"top":"35px","bottom":"35px","left":"35px","right":"35px","linked":true},"mobile":{"top":"20px","bottom":"20px","left":"20px","right":"20px","linked":true}},"8b2e013b9a07d5546121deed812978fd":"","disable_featured_image":"no","disable_share_box":"no","disable_header":"no","disable_footer":"no","styles_descriptor":{"styles":{"desktop":"","tablet":"","mobile":""},"google_fonts":[],"version":6}},"_links":{"self":[{"href":"https:\/\/muoversiassieme.ngo\/pt\/wp-json\/wp\/v2\/pages\/1468","targetHints":{"allow":["GET"]}}],"collection":[{"href":"https:\/\/muoversiassieme.ngo\/pt\/wp-json\/wp\/v2\/pages"}],"about":[{"href":"https:\/\/muoversiassieme.ngo\/pt\/wp-json\/wp\/v2\/types\/page"}],"author":[{"embeddable":true,"href":"https:\/\/muoversiassieme.ngo\/pt\/wp-json\/wp\/v2\/users\/1"}],"replies":[{"embeddable":true,"href":"https:\/\/muoversiassieme.ngo\/pt\/wp-json\/wp\/v2\/comments?post=1468"}],"version-history":[{"count":122,"href":"https:\/\/muoversiassieme.ngo\/pt\/wp-json\/wp\/v2\/pages\/1468\/revisions"}],"predecessor-version":[{"id":2265,"href":"https:\/\/muoversiassieme.ngo\/pt\/wp-json\/wp\/v2\/pages\/1468\/revisions\/2265"}],"wp:attachment":[{"href":"https:\/\/muoversiassieme.ngo\/pt\/wp-json\/wp\/v2\/media?parent=1468"}],"curies":[{"name":"wp","href":"https:\/\/api.w.org\/{rel}","templated":true}]}}